{"id":2,"date":"2019-12-26T00:01:21","date_gmt":"2019-12-26T00:01:21","guid":{"rendered":"http:\/\/kitebar.oliver-schuetz.de\/?page_id=2"},"modified":"2024-07-19T20:06:16","modified_gmt":"2024-07-19T23:06:16","slug":"hotel-description","status":"publish","type":"page","link":"http:\/\/kitebar.oliver-schuetz.de\/","title":{"rendered":"Das Hotel"},"content":{"rendered":"\n<style id=\"bwg-style-0\">      #bwg_container1_0 #bwg_container2_0 .bwg_masonry_thumb_0 {        text-align: center;        display: inline-block;        vertical-align: middle;      \t          width: 100% !important;;      \t        margin: 0;        opacity: 1.00;      }\t\t\t\t\t\t      #bwg_container1_0 #bwg_container2_0 .bwg-container-0.bwg-masonry-thumbnails .bwg-item,      #bwg_container1_0 #bwg_container2_0 .bwg-container-temp0.bwg-masonry-thumbnails .bwg-item {        padding: calc(4px \/ 2);\t\t\t\t      }      #bwg_container1_0 #bwg_container2_0 .bwg-container-0.bwg-masonry-thumbnails .bwg-item0 {      \t        background-color:rgba(0,0,0, 0.30);        border: 0px none #CCCCCC;\t\t\t\topacity: 1.00;        border-radius: 0;      }      #bwg_container1_0 #bwg_container2_0 .bwg-container-0.bwg-masonry-thumbnails .bwg-item1 img {        max-height: none;\t\t\t\t        \tmax-width: calc(250px + (4px + 0px));\t\t\t\t      }\t\t\t\t\t\t\t@media only screen and (min-width: 480px) {\t\t\t\t\t#bwg_container1_0 #bwg_container2_0 .bwg-container-0.bwg-masonry-thumbnails .bwg-item1 img {\t\t\t\t\t\t-webkit-transition: -webkit-transform .3s; transition: transform .3s;\t\t\t\t\t}\t\t\t\t\t#bwg_container1_0 #bwg_container2_0 .bwg-container-0.bwg-masonry-thumbnails .bwg-item1 img:hover {\t\t\t\t\t\t-ms-transform: scale(1.08);\t\t\t\t\t\t-webkit-transform: scale(1.08);\t\t\t\t\t\ttransform: scale(1.08);\t\t\t\t\t}\t\t\t\t\t\t\t\t\t}\t\t\t\t\t\t\t\t\t#bwg_container1_0 #bwg_container2_0 .bwg-container-0.bwg-masonry-thumbnails .bwg-title2,\t\t\t#bwg_container1_0 #bwg_container2_0 .bwg-container-temp0.bwg-masonry-thumbnails .bwg-title2,\t\t\t#bwg_container1_0 #bwg_container2_0 .bwg-container-0.bwg-masonry-thumbnails .bwg-play-icon2,\t\t\t#bwg_container1_0 #bwg_container2_0 .bwg-container-0.bwg-masonry-thumbnails .bwg-ecommerce2 {\t\t\t\tmax-height: 100%;\t\t\t\tpadding: 2px;\t\t\t\tfont-family: Ubuntu;\t\t\t\tfont-weight: bold;\t\t\t\tfont-size: 16px;\t\t\t\tcolor: #323A45;\t\t\t}\t\t\t#bwg_container1_0 #bwg_container2_0 .bwg-container-0.bwg-masonry-thumbnails .bwg-ecommerce2 {\t\t\t\tcolor: #323A45;\t\t\t}\t  \t#bwg_container1_0 #bwg_container2_0 .bwg_masonry_thumbnails_0 {\t\t\t\tposition: relative;\t\t\t\tbackground-color: rgba(255, 255, 255, 0.00);\t\t\t\tfont-size: 0;\t\t\t\t\t\t\t\t\twidth: 1254px;\t\t\t\t\tmax-width: 100%;\t\t\t\t\t\t\t\t\tmax-width: 100%;\t\t\t\t\t\t\t\t\t\t\t\t\tmargin: 0 auto;\t\t\t\t\t\t\t}\t\t\t\t\t\t\t@media only screen and (max-width: 1290px) {\t\t\t\t\t#bwg_container1_0 #bwg_container2_0 .bwg_masonry_thumbnails_0 {\t\t\t\t\t\twidth: inherit;\t\t\t\t\t}\t\t\t\t}\t\t\t\t\t\t#bwg_container1_0 #bwg_container2_0 .bwg_masonry_thumb_description_0 {        color: #323A45;        line-height: 1.4;        font-size: 16px;        font-family: Ubuntu;        text-align: justify;      }      #bwg_container1_0.bwg_thumbnails_masonry .wd_error p {        color: #323A45;      }      #bwg_container1_0 #bwg_container2_0 .bwg_gal_title_0 {        background-color: rgba(0, 0, 0, 0);        color: #323A45;        display: block;        font-family: Ubuntu;        font-size: 16px;        font-weight: bold;        padding: 2px;        text-shadow: ;        text-align: center;      }      <\/style>    <div id=\"bwg_container1_0\"         class=\"bwg_container bwg_thumbnail bwg_thumbnails_masonry \"         data-right-click-protection=\"0\"         data-bwg=\"0\"         data-scroll=\"0\"         data-gallery-type=\"thumbnails_masonry\"         data-gallery-view-type=\"thumbnails_masonry\"         data-current-url=\"\/index.php?rest_route=%2Fwp%2Fv2%2Fpages%2F2\"         data-lightbox-url=\"http:\/\/kitebar.oliver-schuetz.de\/wp-admin\/admin-ajax.php?action=GalleryBox&#038;current_view=0&#038;gallery_id=2&#038;tag=0&#038;theme_id=1&#038;shortcode_id=6&#038;sort_by=order&#038;order_by=asc&#038;current_url=%2Findex.php%3Frest_route%3D%252Fwp%252Fv2%252Fpages%252F2\"         data-gallery-id=\"2\"         data-popup-width=\"800\"         data-popup-height=\"500\"         data-is-album=\"gallery\"         data-buttons-position=\"bottom\">      <div id=\"bwg_container2_0\">             <div id=\"ajax_loading_0\" class=\"bwg_loading_div_1\">      <div class=\"bwg_loading_div_2\">        <div class=\"bwg_loading_div_3\">          <div id=\"loading_div_0\" class=\"bwg_spider_ajax_loading\">          <\/div>        <\/div>      <\/div>    <\/div>            <form id=\"gal_front_form_0\"              class=\"bwg-hidden\"              method=\"post\"              action=\"#\"              data-current=\"0\"              data-shortcode-id=\"6\"              data-gallery-type=\"thumbnails_masonry\"              data-gallery-id=\"2\"              data-tag=\"0\"              data-album-id=\"0\"              data-theme-id=\"1\"              data-ajax-url=\"http:\/\/kitebar.oliver-schuetz.de\/wp-admin\/admin-ajax.php?action=bwg_frontend_data\">          <div id=\"bwg_container3_0\" class=\"bwg-background bwg-background-0\">                <div id=\"bwg_thumbnails_masonry_0\"         data-bwg=\"0\"         data-masonry-type=\"vertical\"         data-resizable-thumbnails=\"1\"         data-max-count=\"5\"         data-thumbnail-width=\"250\"         data-thumbnail-height=\"250\"         data-thumbnail-padding=\"4\"         data-thumbnail-border=\"0\"         data-gallery-id=\"2\"         data-lightbox-url=\"http:\/\/kitebar.oliver-schuetz.de\/wp-admin\/admin-ajax.php?action=GalleryBox&#038;current_view=0&#038;gallery_id=2&#038;tag=0&#038;theme_id=1&#038;shortcode_id=6&#038;sort_by=order&#038;order_by=asc&#038;current_url=%2Findex.php%3Frest_route%3D%252Fwp%252Fv2%252Fpages%252F2\"         class=\"bwg-container-0 bwg_masonry_thumbnails_0 bwg-masonry-thumbnails bwg-masonry-vertical bwg-container bwg-border-box\">              <div class=\"bwg-item\">          <a class=\"bwg-a  bwg_lightbox\"  data-image-id=\"6\" href=\"http:\/\/kitebar.oliver-schuetz.de\/wp-content\/uploads\/photo-gallery\/imported_from_media_libray\/20191222_091455-scaled.jpg?bwg=1721429973\" data-elementor-open-lightbox=\"no\">            <div class=\"bwg-item0\">              <div class=\"bwg-item1 \">      \t\t\t\t\t<img decoding=\"async\" class=\"skip-lazy bwg-masonry-thumb bwg_masonry_thumb_0 \"                       data-id=\"6\"                       data-src=\"http:\/\/kitebar.oliver-schuetz.de\/wp-content\/uploads\/photo-gallery\/imported_from_media_libray\/thumb\/20191222_091455-scaled.jpg?bwg=1721429973\"                       data-width=\"500.00\"                       data-height=\"281.00\"\t\t\t\t\t\t\t\t\t\t   src=\"http:\/\/kitebar.oliver-schuetz.de\/wp-content\/uploads\/photo-gallery\/imported_from_media_libray\/thumb\/20191222_091455-scaled.jpg?bwg=1721429973\"\t\t\t\t\t\t\t\t\t\t   alt=\"Our Pool\"\t\t\t\t\t\t\t\t\t\t   title=\"Our Pool\" \/>                <div class=\"\">                  \t\t\t\t                                            <\/div>              <\/div>            <\/div>                      <\/a>                  <\/div>              <div class=\"bwg-item\">          <a class=\"bwg-a  bwg_lightbox\"  data-image-id=\"7\" href=\"http:\/\/kitebar.oliver-schuetz.de\/wp-content\/uploads\/photo-gallery\/imported_from_media_libray\/20191222_091525-scaled.jpg?bwg=1721429973\" data-elementor-open-lightbox=\"no\">            <div class=\"bwg-item0\">              <div class=\"bwg-item1 \">      \t\t\t\t\t<img decoding=\"async\" class=\"skip-lazy bwg-masonry-thumb bwg_masonry_thumb_0 \"                       data-id=\"7\"                       data-src=\"http:\/\/kitebar.oliver-schuetz.de\/wp-content\/uploads\/photo-gallery\/imported_from_media_libray\/thumb\/20191222_091525-scaled.jpg?bwg=1721429973\"                       data-width=\"500.00\"                       data-height=\"281.00\"\t\t\t\t\t\t\t\t\t\t   src=\"http:\/\/kitebar.oliver-schuetz.de\/wp-content\/uploads\/photo-gallery\/imported_from_media_libray\/thumb\/20191222_091525-scaled.jpg?bwg=1721429973\"\t\t\t\t\t\t\t\t\t\t   alt=\"PoolBar\"\t\t\t\t\t\t\t\t\t\t   title=\"PoolBar\" \/>                <div class=\"\">                  \t\t\t\t                                            <\/div>              <\/div>            <\/div>                      <\/a>                  <\/div>              <div class=\"bwg-item\">          <a class=\"bwg-a  bwg_lightbox\"  data-image-id=\"8\" href=\"http:\/\/kitebar.oliver-schuetz.de\/wp-content\/uploads\/photo-gallery\/imported_from_media_libray\/cropped-DSC_4583-scaled-1.jpg?bwg=1721429973\" data-elementor-open-lightbox=\"no\">            <div class=\"bwg-item0\">              <div class=\"bwg-item1 \">      \t\t\t\t\t<img decoding=\"async\" class=\"skip-lazy bwg-masonry-thumb bwg_masonry_thumb_0 \"                       data-id=\"8\"                       data-src=\"http:\/\/kitebar.oliver-schuetz.de\/wp-content\/uploads\/photo-gallery\/imported_from_media_libray\/thumb\/cropped-DSC_4583-scaled-1.jpg?bwg=1721429973\"                       data-width=\"500.00\"                       data-height=\"300.00\"\t\t\t\t\t\t\t\t\t\t   src=\"http:\/\/kitebar.oliver-schuetz.de\/wp-content\/uploads\/photo-gallery\/imported_from_media_libray\/thumb\/cropped-DSC_4583-scaled-1.jpg?bwg=1721429973\"\t\t\t\t\t\t\t\t\t\t   alt=\"cropped-DSC_4583-scaled-1.jpg\"\t\t\t\t\t\t\t\t\t\t   title=\"cropped-DSC_4583-scaled-1.jpg\" \/>                <div class=\"\">                  \t\t\t\t                                            <\/div>              <\/div>            <\/div>                      <\/a>                  <\/div>              <div class=\"bwg-item\">          <a class=\"bwg-a  bwg_lightbox\"  data-image-id=\"9\" href=\"http:\/\/kitebar.oliver-schuetz.de\/wp-content\/uploads\/photo-gallery\/imported_from_media_libray\/20200105_131344.jpg?bwg=1721429973\" data-elementor-open-lightbox=\"no\">            <div class=\"bwg-item0\">              <div class=\"bwg-item1 \">      \t\t\t\t\t<img decoding=\"async\" class=\"skip-lazy bwg-masonry-thumb bwg_masonry_thumb_0 \"                       data-id=\"9\"                       data-src=\"http:\/\/kitebar.oliver-schuetz.de\/wp-content\/uploads\/photo-gallery\/imported_from_media_libray\/thumb\/20200105_131344.jpg?bwg=1721429973\"                       data-width=\"500.00\"                       data-height=\"170.00\"\t\t\t\t\t\t\t\t\t\t   src=\"http:\/\/kitebar.oliver-schuetz.de\/wp-content\/uploads\/photo-gallery\/imported_from_media_libray\/thumb\/20200105_131344.jpg?bwg=1721429973\"\t\t\t\t\t\t\t\t\t\t   alt=\"The short way to the Kitespot\"\t\t\t\t\t\t\t\t\t\t   title=\"The short way to the Kitespot\" \/>                <div class=\"\">                  \t\t\t\t                                            <\/div>              <\/div>            <\/div>                      <\/a>                  <\/div>              <div class=\"bwg-item\">          <a class=\"bwg-a  bwg_lightbox\"  data-image-id=\"10\" href=\"http:\/\/kitebar.oliver-schuetz.de\/wp-content\/uploads\/photo-gallery\/imported_from_media_libray\/DSC_4788-scaled.jpg?bwg=1721429973\" data-elementor-open-lightbox=\"no\">            <div class=\"bwg-item0\">              <div class=\"bwg-item1 \">      \t\t\t\t\t<img decoding=\"async\" class=\"skip-lazy bwg-masonry-thumb bwg_masonry_thumb_0 \"                       data-id=\"10\"                       data-src=\"http:\/\/kitebar.oliver-schuetz.de\/wp-content\/uploads\/photo-gallery\/imported_from_media_libray\/thumb\/DSC_4788-scaled.jpg?bwg=1721429973\"                       data-width=\"500.00\"                       data-height=\"282.00\"\t\t\t\t\t\t\t\t\t\t   src=\"http:\/\/kitebar.oliver-schuetz.de\/wp-content\/uploads\/photo-gallery\/imported_from_media_libray\/thumb\/DSC_4788-scaled.jpg?bwg=1721429973\"\t\t\t\t\t\t\t\t\t\t   alt=\"DSC_4788\"\t\t\t\t\t\t\t\t\t\t   title=\"DSC_4788\" \/>                <div class=\"\">                  \t\t\t\t                                            <\/div>              <\/div>            <\/div>                      <\/a>                  <\/div>              <div class=\"bwg-item\">          <a class=\"bwg-a  bwg_lightbox\"  data-image-id=\"11\" href=\"http:\/\/kitebar.oliver-schuetz.de\/wp-content\/uploads\/photo-gallery\/imported_from_media_libray\/DSC_5064-scaled.jpg?bwg=1721429973\" data-elementor-open-lightbox=\"no\">            <div class=\"bwg-item0\">              <div class=\"bwg-item1 \">      \t\t\t\t\t<img decoding=\"async\" class=\"skip-lazy bwg-masonry-thumb bwg_masonry_thumb_0 \"                       data-id=\"11\"                       data-src=\"http:\/\/kitebar.oliver-schuetz.de\/wp-content\/uploads\/photo-gallery\/imported_from_media_libray\/thumb\/DSC_5064-scaled.jpg?bwg=1721429973\"                       data-width=\"282.00\"                       data-height=\"500.00\"\t\t\t\t\t\t\t\t\t\t   src=\"http:\/\/kitebar.oliver-schuetz.de\/wp-content\/uploads\/photo-gallery\/imported_from_media_libray\/thumb\/DSC_5064-scaled.jpg?bwg=1721429973\"\t\t\t\t\t\t\t\t\t\t   alt=\"Sunset view from rooftop\"\t\t\t\t\t\t\t\t\t\t   title=\"Sunset view from rooftop\" \/>                <div class=\"\">                  \t\t\t\t                                            <\/div>              <\/div>            <\/div>                      <\/a>                  <\/div>              <div class=\"bwg-item\">          <a class=\"bwg-a  bwg_lightbox\"  data-image-id=\"12\" href=\"http:\/\/kitebar.oliver-schuetz.de\/wp-content\/uploads\/photo-gallery\/imported_from_media_libray\/DSC_5062-scaled.jpg?bwg=1721429973\" data-elementor-open-lightbox=\"no\">            <div class=\"bwg-item0\">              <div class=\"bwg-item1 \">      \t\t\t\t\t<img decoding=\"async\" class=\"skip-lazy bwg-masonry-thumb bwg_masonry_thumb_0 \"                       data-id=\"12\"                       data-src=\"http:\/\/kitebar.oliver-schuetz.de\/wp-content\/uploads\/photo-gallery\/imported_from_media_libray\/thumb\/DSC_5062-scaled.jpg?bwg=1721429973\"                       data-width=\"282.00\"                       data-height=\"500.00\"\t\t\t\t\t\t\t\t\t\t   src=\"http:\/\/kitebar.oliver-schuetz.de\/wp-content\/uploads\/photo-gallery\/imported_from_media_libray\/thumb\/DSC_5062-scaled.jpg?bwg=1721429973\"\t\t\t\t\t\t\t\t\t\t   alt=\"Sunrise view from rooftop\"\t\t\t\t\t\t\t\t\t\t   title=\"Sunrise view from rooftop\" \/>                <div class=\"\">                  \t\t\t\t                                            <\/div>              <\/div>            <\/div>                      <\/a>                  <\/div>              <div class=\"bwg-item\">          <a class=\"bwg-a  bwg_lightbox\"  data-image-id=\"13\" href=\"http:\/\/kitebar.oliver-schuetz.de\/wp-content\/uploads\/photo-gallery\/imported_from_media_libray\/EFFECTS-scaled.jpg?bwg=1721429973\" data-elementor-open-lightbox=\"no\">            <div class=\"bwg-item0\">              <div class=\"bwg-item1 \">      \t\t\t\t\t<img decoding=\"async\" class=\"skip-lazy bwg-masonry-thumb bwg_masonry_thumb_0 \"                       data-id=\"13\"                       data-src=\"http:\/\/kitebar.oliver-schuetz.de\/wp-content\/uploads\/photo-gallery\/imported_from_media_libray\/thumb\/EFFECTS-scaled.jpg?bwg=1721429973\"                       data-width=\"500.00\"                       data-height=\"282.00\"\t\t\t\t\t\t\t\t\t\t   src=\"http:\/\/kitebar.oliver-schuetz.de\/wp-content\/uploads\/photo-gallery\/imported_from_media_libray\/thumb\/EFFECTS-scaled.jpg?bwg=1721429973\"\t\t\t\t\t\t\t\t\t\t   alt=\"Kiting into the sunset...\"\t\t\t\t\t\t\t\t\t\t   title=\"Kiting into the sunset...\" \/>                <div class=\"\">                  \t\t\t\t                                            <\/div>              <\/div>            <\/div>                      <\/a>                  <\/div>          <\/div>    <style>      \/*pagination styles*\/      #bwg_container1_0 #bwg_container2_0 .tablenav-pages_0 {\t\t\t\ttext-align: center;\t\t\t\tfont-size: 12px;\t\t\t\tfont-family: Ubuntu;\t\t\t\tfont-weight: bold;\t\t\t\tcolor: #666666;\t\t\t\tmargin: 6px 0 4px;\t\t\t\tdisplay: block;      }      @media only screen and (max-width : 320px) {      #bwg_container1_0 #bwg_container2_0 .displaying-num_0 {     \t display: none;      }      }      #bwg_container1_0 #bwg_container2_0 .displaying-num_0 {\t\t\t\tfont-size: 12px;\t\t\t\tfont-family: Ubuntu;\t\t\t\tfont-weight: bold;\t\t\t\tcolor: #666666;\t\t\t\tmargin-right: 10px;\t\t\t\tvertical-align: middle;      }      #bwg_container1_0 #bwg_container2_0 .paging-input_0 {\t\t\t\tfont-size: 12px;\t\t\t\tfont-family: Ubuntu;\t\t\t\tfont-weight: bold;\t\t\t\tcolor: #666666;\t\t\t\tvertical-align: middle;      }      #bwg_container1_0 #bwg_container2_0 .tablenav-pages_0 a.disabled,      #bwg_container1_0 #bwg_container2_0 .tablenav-pages_0 a.disabled:hover,      #bwg_container1_0 #bwg_container2_0 .tablenav-pages_0 a.disabled:focus,\t\t\t#bwg_container1_0 #bwg_container2_0 .tablenav-pages_0 input.bwg_current_page {\t\t\t\tcursor: default;\t\t\t\tcolor: rgba(102, 102, 102, 0.5);      }      #bwg_container1_0 #bwg_container2_0 .tablenav-pages_0 a,      #bwg_container1_0 #bwg_container2_0 .tablenav-pages_0 input.bwg_current_page {\t\t\t\tcursor: pointer;\t\t\t\ttext-align: center;\t\t\t\tfont-size: 12px;\t\t\t\tfont-family: Ubuntu;\t\t\t\tfont-weight: bold;\t\t\t\tcolor: #666666;\t\t\t\ttext-decoration: none;\t\t\t\tpadding: 3px 6px;\t\t\t\tmargin: 0;\t\t\t\tborder-radius: 0;\t\t\t\tborder-style: solid;\t\t\t\tborder-width: 1px;\t\t\t\tborder-color: #E3E3E3;\t\t\t\t\t\t\t\tbackground-color: rgba(255, 255, 255, 1.00);\t\t\t\tbox-shadow: 0;\t\t\t\ttransition: all 0.3s ease 0s;-webkit-transition: all 0.3s ease 0s;      }      <\/style>      <span class=\"bwg_nav_cont_0\">              <div class=\"tablenav-pages_0\">                  <\/div>                <input type=\"hidden\" id=\"page_number_0\" name=\"page_number_0\" value=\"1\" \/>      <script type=\"text\/javascript\">        if( jQuery('.bwg_nav_cont_0').length > 1 ) {          jQuery('.bwg_nav_cont_0').first().remove()        }        function spider_page_0(cur, x, y, load_more) {          if (typeof load_more == \"undefined\") {            var load_more = false;          }          if (jQuery(cur).hasClass('disabled')) {            return false;          }          var items_county_0 = 1;          switch (y) {            case 1:              if (x >= items_county_0) {                document.getElementById('page_number_0').value = items_county_0;              }              else {                document.getElementById('page_number_0').value = x + 1;              }              break;            case 2:              document.getElementById('page_number_0').value = items_county_0;              break;            case -1:              if (x == 1) {                document.getElementById('page_number_0').value = 1;              }              else {                document.getElementById('page_number_0').value = x - 1;              }              break;            case -2:              document.getElementById('page_number_0').value = 1;              break;\t\t\t\t\t\tcase 0:              document.getElementById('page_number_0').value = x;              break;            default:              document.getElementById('page_number_0').value = 1;          }          bwg_ajax('gal_front_form_0', '0', 'bwg_thumbnails_masonry_0', '0', '', 'gallery', 0, '', '', load_more, '', 1);        }                    jQuery('.first-page-0').on('click', function () {              spider_page_0(this, 1, -2, 'numeric');              return false;            });            jQuery('.prev-page-0').on('click', function () {              spider_page_0(this, 1, -1, 'numeric');              return false;            });            jQuery('.next-page-0').on('click', function () {              spider_page_0(this, 1, 1, 'numeric');              return false;            });            jQuery('.last-page-0').on('click', function () {              spider_page_0(this, 1, 2, 'numeric');              return false;            });        \t\t\t\t\/* Change page on input enter. *\/        function bwg_change_page_0( e, that ) {          if (  e.key == 'Enter' ) {            var to_page = parseInt(jQuery(that).val());            var pages_count = jQuery(that).parents(\".pagination-links\").data(\"pages-count\");            var current_url_param = jQuery(that).attr('data-url-info');            if (to_page > pages_count) {              to_page = 1;            }\t \t\t\t\t\t\t\t\t\t\t\t\tspider_page_0(this, to_page, 0, 'numeric');\t\t\t\t\t\t\treturn false;\t\t\t\t\t\t          }          return true;        }        jQuery('.bwg_load_btn_0').on('click', function () {            spider_page_0(this, 1, 1, true);            return false;        });      <\/script>      <\/span>                <\/div>        <\/form>        <style>          #bwg_container1_0 #bwg_container2_0 #spider_popup_overlay_0 {          background-color: #EEEEEE;          opacity: 0.60;          }          <\/style>        <div id=\"bwg_spider_popup_loading_0\" class=\"bwg_spider_popup_loading\"><\/div>        <div id=\"spider_popup_overlay_0\" class=\"spider_popup_overlay\" onclick=\"spider_destroypopup(1000)\"><\/div>        <input type=\"hidden\" id=\"bwg_random_seed_0\" value=\"1884600060\">                <\/div>    <\/div>    <script>      if (document.readyState === 'complete') {        if( typeof bwg_main_ready == 'function' ) {          if ( jQuery(\"#bwg_container1_0\").height() ) {            bwg_main_ready(jQuery(\"#bwg_container1_0\"));          }        }      } else {        document.addEventListener('DOMContentLoaded', function() {          if( typeof bwg_main_ready == 'function' ) {            if ( jQuery(\"#bwg_container1_0\").height() ) {             bwg_main_ready(jQuery(\"#bwg_container1_0\"));            }          }        });      }    <\/script>    \n\n\n\n<p>Das Hotel wurde von Kitesurfern f\u00fcr Kitesurfer geplant, professionell gebaut und am 26.12.2019 er\u00f6ffnet.<\/p>\n\n\n\n<p>35km vom internationalen Flughafen Fortaleza in Cumbuco gelegen, sind es keine 50m zum Strand &#8211; und zwar direkt am KiteSpot! Zwischen dem KiteSpot mit wei\u00dfem Sandstrand und dem Hotel liegt nur eine Strandbar mit kostenlos nutzbarem Kompressor. Das gro\u00dfe Finale der Kitesurf-WM findet keine 500m den Strand runter statt. Man kann hin und zur\u00fcck kiten! In der Hauptsaison von Juli bis Dezember liegt die Wahrscheinlichkeit f\u00fcr kitebaren Wind bei deutlich \u00fcber 90%. Das Hotel eignet sich also perfekt -aber nicht nur- f\u00fcr KiteSurfer!<\/p>\n\n\n\n<p>Zum Zentrum sind es rund 500m. Cumbuco&nbsp; bietet eine vielf\u00e4ltige Auswahl an Restaurants mit u.a. brasilianischer, deutscher, mediterraner, asiatischer und franz\u00f6sischer K\u00fcche. Zahlreiche Kite- und Beachshops sind ebenfalls vor Ort.<\/p>\n\n\n\n<p>Auch wenn wir unseren hoteleigenen Parkplatz kostenlos anbieten, ist ein Auto beim Aufenthalt in unserem Haus eigentlich nicht notwendig.<\/p>\n\n\n\n<p>Neben den sehr guten Kitem\u00f6glichkeiten bietet Cumbuco auch einiges abseits des Kitesports: Ein Ausritt oder ein Ausflug mit dem Quad am Strand gef\u00e4llig? &#8230;oder ein Ausflug mit dem Buggy in die D\u00fcnen, incl. Seilrutsche in den S\u00fc\u00dfwassersee? &#8230;.oder vielleicht doch eher einen sch\u00f6nen Tag in der Eventgastronomie &#8222;<a href=\"https:\/\/www.chicodocaranguejo.com.br\/acquachico\/\" target=\"_blank\" rel=\"noreferrer noopener\">Chico do Caranguejo<\/a> Cumbuco&#8220; verbingen?&#8230;oder etwa die entspannte Variante: ein Drink in einer der zahlreichen Strandbars mit anschlie\u00dfender Massage?! &#8230;auch ein Tagesausflug in die nahe gelegene Metropole Fortaleza mit dem gr\u00f6ssten Wasserpark S\u00fcdamerikas &#8222;<a href=\"https:\/\/www.beachpark.com.br\/\" target=\"_blank\" rel=\"noreferrer noopener\">Beach Park<\/a>&#8220; und seinen zahlreichen Kultur- und Shoppingangeboten ist jederzeit machbar.&nbsp; &nbsp; &nbsp;<\/p>\n\n\n\n<p>Sprechen Sie uns auf Portugiesisch, Deutsch, Englisch oder Spanisch an und wir helfen Ihnen bei Ihrer Freizeitgestaltung gerne weiter&#8230;<\/p>\n\n\n\n<p>Zum Abschluss noch ein Wort zu unserer Philosophie: Unser Ziel ist es, Nachhaltigkeit mit Komfort zu verbinden. Einige Sensoren und intelligente Systeme helfen bspw. Stromverschwendung zu vermeiden, ohne den Komfort zu beeintr\u00e4chtigen.<\/p>\n\n\n\n<p>Das Wasser wird umweltfreundlich mit einer Solaranlage erhitzt, so dass wir in den Duschen Einhandmischer anbieten zu k\u00f6nnen, um die WasserTemperatur perfekt zu regeln. Das Grauwasser aus den Duschen wird ebenso wie Regenwasser in einer unterirdischen Zisterne gesammelt und zur Bew\u00e4sserung des Gartens verwendet. Ebenso kann es zum Waschen des Equipments genutzt werden.<\/p>\n\n\n\n<p>Die in Brasilien sonst \u00fcblichen Einwegutensilien (Plastikgeschirr und -besteck, Einwegstrohhalme, Zuckerp\u00e4ckchen, usw.) haben wir auf das unvermeidbare Minimum reduziert&#8230;<\/p>\n\n\n\n<p>&#8230;und selbstverst\u00e4ndlich trennen wir unseren M\u00fcll bestm\u00f6glich und f\u00fchren die Werkstoffe dem Recycling zu.<\/p>\n\n\n\n<p>Im KiteBar Hotel, Cumbuco kann man seinen Strandurlaub reinen Gewissens genie\u00dfen!<\/p>\n","protected":false},"excerpt":{"rendered":"<p>Das Hotel wurde von Kitesurfern f\u00fcr Kitesurfer geplant, professionell gebaut und am 26.12.2019 er\u00f6ffnet. 35km vom internationalen Flughafen Fortaleza in Cumbuco gelegen, sind es keine 50m zum Strand &#8211; und zwar direkt am KiteSpot! Zwischen dem KiteSpot mit wei\u00dfem Sandstrand und dem Hotel liegt nur eine Strandbar mit kostenlos nutzbarem Kompressor. Das gro\u00dfe Finale der &hellip; <\/p>\n<p class=\"link-more\"><a href=\"http:\/\/kitebar.oliver-schuetz.de\/\" class=\"more-link\"><span class=\"screen-reader-text\">\u201eDas Hotel\u201c<\/span> weiterlesen<\/a><\/p>\n","protected":false},"author":1,"featured_media":0,"parent":0,"menu_order":0,"comment_status":"closed","ping_status":"closed","template":"","meta":{"ngg_post_thumbnail":0,"footnotes":""},"_links":{"self":[{"href":"http:\/\/kitebar.oliver-schuetz.de\/index.php?rest_route=\/wp\/v2\/pages\/2"}],"collection":[{"href":"http:\/\/kitebar.oliver-schuetz.de\/index.php?rest_route=\/wp\/v2\/pages"}],"about":[{"href":"http:\/\/kitebar.oliver-schuetz.de\/index.php?rest_route=\/wp\/v2\/types\/page"}],"author":[{"embeddable":true,"href":"http:\/\/kitebar.oliver-schuetz.de\/index.php?rest_route=\/wp\/v2\/users\/1"}],"replies":[{"embeddable":true,"href":"http:\/\/kitebar.oliver-schuetz.de\/index.php?rest_route=%2Fwp%2Fv2%2Fcomments&post=2"}],"version-history":[{"count":22,"href":"http:\/\/kitebar.oliver-schuetz.de\/index.php?rest_route=\/wp\/v2\/pages\/2\/revisions"}],"predecessor-version":[{"id":462,"href":"http:\/\/kitebar.oliver-schuetz.de\/index.php?rest_route=\/wp\/v2\/pages\/2\/revisions\/462"}],"wp:attachment":[{"href":"http:\/\/kitebar.oliver-schuetz.de\/index.php?rest_route=%2Fwp%2Fv2%2Fmedia&parent=2"}],"curies":[{"name":"wp","href":"https:\/\/api.w.org\/{rel}","templated":true}]}}